{"id":156,"date":"2021-07-27T09:50:00","date_gmt":"2021-07-27T09:50:00","guid":{"rendered":"https:\/\/www.prounione.it\/?page_id=156"},"modified":"2021-09-09T14:31:41","modified_gmt":"2021-09-09T14:31:41","slug":"francescanesimo","status":"publish","type":"page","link":"https:\/\/www.prounione.it\/it\/francescanesimo\/","title":{"rendered":"Francescanesimo"},"content":{"rendered":"\t\t<div data-elementor-type=\"wp-page\" data-elementor-id=\"156\" class=\"elementor elementor-156 elementor-117\" data-elementor-post-type=\"page\">\n\t\t\t\t\t\t<section class=\"elementor-section elementor-top-section elementor-element elementor-element-753f24a elementor-section-boxed elementor-section-height-default elementor-section-height-default\" data-id=\"753f24a\" data-element_type=\"section\" data-e-type=\"section\">\n\t\t\t\t\t\t<div class=\"elementor-container elementor-column-gap-wider\">\n\t\t\t\t\t<div class=\"elementor-column elementor-col-100 elementor-top-column elementor-element elementor-element-7bdb94c\" data-id=\"7bdb94c\" data-element_type=\"column\" data-e-type=\"column\">\n\t\t\t<div class=\"elementor-widget-wrap elementor-element-populated\">\n\t\t\t\t\t\t<div class=\"elementor-element elementor-element-4f08b1a elementor-widget__width-initial elementor-widget elementor-widget-text-editor\" data-id=\"4f08b1a\" data-element_type=\"widget\" data-e-type=\"widget\" data-widget_type=\"text-editor.default\">\n\t\t\t\t\t\t\t\t\t<p>Il Centro Pro Unione, sorto grazie al carisma ecumenico dei Frati Francescani dell\u2019Atonement, un ramo francescano fondato dal servo di Dio padre Paul Wattson e madre Lurana White alla fine del XIX secolo.<\/p><p>I Frati e Suore delle Congregazioni dell&#8217;Atonement hanno la casa madre a Graymoor, NY (USA). La comunit\u00e0 \u00e8 presente con le opere in Nord America, Europa e Asia.<\/p><p>In Italia i frati svolgono un&#8217;attivit\u00e0 vocazionale giovanile francescana. Le notizie ed aggiornamenti sull&#8217;attivit\u00e0 di vocazione \u00e8 disponibile presso il sito web <a href=\"https:\/\/www.fratiatonement.org\/vocazioni\/\" target=\"_blank\" rel=\"noopener\">www.fratiatonement.org\/vocazioni<\/a><\/p>\t\t\t\t\t\t\t\t<\/div>\n\t\t\t\t<div class=\"elementor-element elementor-element-e9bdb2b elementor-widget__width-initial elementor-view-default elementor-position-block-start elementor-mobile-position-block-start elementor-widget elementor-widget-icon-box\" data-id=\"e9bdb2b\" data-element_type=\"widget\" data-e-type=\"widget\" data-widget_type=\"icon-box.default\">\n\t\t\t\t\t\t\t<div class=\"elementor-icon-box-wrapper\">\n\n\t\t\t\t\t\t<div class=\"elementor-icon-box-icon\">\n\t\t\t\t<span  class=\"elementor-icon\">\n\t\t\t\t<svg xmlns=\"http:\/\/www.w3.org\/2000\/svg\" xmlns:xlink=\"http:\/\/www.w3.org\/1999\/xlink\" id=\"Livello_1\" x=\"0px\" y=\"0px\" viewBox=\"0 0 512 512\" xml:space=\"preserve\"><path d=\"M232.9,32.7c27.3-1.8,86.1-6.6,112.6-13.1c16.1-4,32-8.3,47.4-14.8c8.7-3.7,17.8-5.6,27.5-4.3c12,1.6,20,8.1,24.8,18.7  c13.8,30.1,27.8,60.2,43.1,89.7c6.3,12.1,4.7,22-4.2,31.7c-9.2,10-20.1,14.6-33.2,10.5c-17.6-5.5-35-11.6-52.2-17.9  c-22.7-8.3-45-8.1-67.2,1.7c-5.7,2.5-9.5,6.4-12,12.2c-11.4,25.7-11.9,52.4-8.6,79.7c5.1,41.8,14.7,82.7,27.2,122.8  c11.7,37.4,23.5,74.8,37.8,111.3c7.5,19.1-5.4,45.4-24.6,50.3c-7.4,1.9-14.1,1.2-20.6-4.2c-32.2-26.9-69.2-43-111-47.8  c-3.7-0.4-7.3-0.7-11-1.1c-23.1-2.7-28.7-22.1-26.4-37c2.6-16.5,6.2-32.9,9.4-49.4c4.7-24.6,9.2-49.2,10.1-74.3  c0.6-18.8,2.6-37.5,2.9-56.2c0.3-21.7-3.2-42.8-12.9-62.7c-9.2-18.9-24.2-30.3-43.5-36.7c-16.3-5.5-33-6.8-49.4-1.2  c-9.7,3.3-18.9,8.3-28.3,12.4c-10.7,4.6-21.4,9.1-32.1,13.6c-0.3,0.1-0.7,0.3-1,0.4c-5.6,1.5-11.6,3-16.3-1.4  c-4.5-4.3-4.5-10.5-3-16.1c4.8-17.6,10.1-35.1,15-52.6c4.4-15.4,8.7-30.9,12.9-46.3c2.3-8.3,6.8-15.1,13.9-19.9  c9.4-6.3,19.6-11.1,30.5-13.9c7.2-1.9,14.4-1.5,21.8,0.5c18.7,4.9,37.8,7.7,57,10.6c15.7,2.3,31.5,3.3,47.2,4.9L232.9,32.7z\"><\/path><\/svg>\t\t\t\t<\/span>\n\t\t\t<\/div>\n\t\t\t\n\t\t\t\t\t\t<div class=\"elementor-icon-box-content\">\n\n\t\t\t\t\t\t\t\t\t<h3 class=\"elementor-icon-box-title\">\n\t\t\t\t\t\t<span  >\n\t\t\t\t\t\t\tFrancescanesimo\t\t\t\t\t\t<\/span>\n\t\t\t\t\t<\/h3>\n\t\t\t\t\n\t\t\t\t\n\t\t\t<\/div>\n\t\t\t\n\t\t<\/div>\n\t\t\t\t\t\t<\/div>\n\t\t\t\t\t<\/div>\n\t\t<\/div>\n\t\t\t\t\t<\/div>\n\t\t<\/section>\n\t\t\t\t<\/div>\n\t\t","protected":false},"excerpt":{"rendered":"<p>Il Centro Pro Unione, sorto grazie al carisma ecumenico dei Frati Francescani dell\u2019Atonement, un ramo francescano fondato dal servo di Dio padre Paul Wattson e madre Lurana White alla fine del XIX secolo. I Frati e Suore delle Congregazioni dell&#8217;Atonement hanno la casa madre a Graymoor, NY (USA). La comunit\u00e0 \u00e8 presente con le opere&hellip;<\/p>\n","protected":false},"author":1,"featured_media":0,"parent":0,"menu_order":0,"comment_status":"closed","ping_status":"closed","template":"","meta":{"footnotes":""},"class_list":["post-156","page","type-page","status-publish","hentry"],"_links":{"self":[{"href":"https:\/\/www.prounione.it\/it\/wp-json\/wp\/v2\/pages\/156","targetHints":{"allow":["GET"]}}],"collection":[{"href":"https:\/\/www.prounione.it\/it\/wp-json\/wp\/v2\/pages"}],"about":[{"href":"https:\/\/www.prounione.it\/it\/wp-json\/wp\/v2\/types\/page"}],"author":[{"embeddable":true,"href":"https:\/\/www.prounione.it\/it\/wp-json\/wp\/v2\/users\/1"}],"replies":[{"embeddable":true,"href":"https:\/\/www.prounione.it\/it\/wp-json\/wp\/v2\/comments?post=156"}],"version-history":[{"count":0,"href":"https:\/\/www.prounione.it\/it\/wp-json\/wp\/v2\/pages\/156\/revisions"}],"wp:attachment":[{"href":"https:\/\/www.prounione.it\/it\/wp-json\/wp\/v2\/media?parent=156"}],"curies":[{"name":"wp","href":"https:\/\/api.w.org\/{rel}","templated":true}]}}