{"id":168,"date":"2021-07-27T11:50:00","date_gmt":"2021-07-27T09:50:00","guid":{"rendered":"https:\/\/www.prounione.it\/?page_id=168"},"modified":"2024-11-07T14:44:35","modified_gmt":"2024-11-07T13:44:35","slug":"spuc","status":"publish","type":"page","link":"https:\/\/www.prounione.it\/it\/ecumenismo\/spuc\/","title":{"rendered":"Settimana di preghiera per l&#8217;unit\u00e0 dei Cristiani"},"content":{"rendered":"\t\t<div data-elementor-type=\"wp-page\" data-elementor-id=\"168\" class=\"elementor elementor-168 elementor-136\" data-elementor-post-type=\"page\">\n\t\t\t\t\t\t<section class=\"elementor-section elementor-top-section elementor-element elementor-element-0620f7b elementor-section-boxed elementor-section-height-default elementor-section-height-default\" data-id=\"0620f7b\" data-element_type=\"section\" data-e-type=\"section\">\n\t\t\t\t\t\t<div class=\"elementor-container elementor-column-gap-wider\">\n\t\t\t\t\t<div class=\"elementor-column elementor-col-100 elementor-top-column elementor-element elementor-element-0afcf64\" data-id=\"0afcf64\" data-element_type=\"column\" data-e-type=\"column\">\n\t\t\t<div class=\"elementor-widget-wrap elementor-element-populated\">\n\t\t\t\t\t\t<div class=\"elementor-element elementor-element-87420d4 elementor-widget elementor-widget-spacer\" data-id=\"87420d4\" data-element_type=\"widget\" data-e-type=\"widget\" data-widget_type=\"spacer.default\">\n\t\t\t\t\t\t\t<div class=\"elementor-spacer\">\n\t\t\t<div class=\"elementor-spacer-inner\"><\/div>\n\t\t<\/div>\n\t\t\t\t\t\t<\/div>\n\t\t\t\t<div class=\"elementor-element elementor-element-bfc9528 elementor-widget elementor-widget-text-editor\" data-id=\"bfc9528\" data-element_type=\"widget\" data-e-type=\"widget\" data-widget_type=\"text-editor.default\">\n\t\t\t\t\t\t\t\t\t<p><strong>In preghiera per l&#8217;unit\u00e0 <\/strong><\/p><p>Pi\u00f9 di cento anni fa, padre Paul Wattson, Servo di Dio, un ministro episcopaliano (anglicano degli Stati Uniti), co-fondatore della Society of the Atonement (Comunit\u00e0 di Frati e delle Suore dell&#8217;Atonement) a Graymoor (Garrison, New York) introdusse un Ottavario di preghiera per l&#8217;unit\u00e0 dei cristiani, celebrato per la prima volta dal 18 al 25 gennaio 1908. Esattamente sassanta anni pi\u00f9 tardi, nel 1968, le chiese e le parrocchie di tutto il mondo ricevettero per la prima volta il materiale per la Settimana di preghiera per l&#8217;unit\u00e0 dei cristiani, preparato congiuntamente dalla commissione Fede e Costituzione (Consiglio ecumenico delle chiese) e dal Segretariato per la promozione dell&#8217;unit\u00e0 dei cristiani (Chiesa cattolica).<\/p><p>Oggi la cooperazione fra chiese, parrocchie, e comunit\u00e0 anglicane, protestanti, ortodosse e cattoliche nel preparare e celebrare la Settimana di preghiera \u00e8 divenuta una prassi comune. Ci\u00f2 stesso evidenzia marcatamente l&#8217;efficacia della preghiera, e ci legittima a parlare della storia della Settimana come di un successo, e una fonte di gioia e gratitudine.<\/p><p>Il testo della Settimana nella versione italiana \u00e8 adatatto pubblicato dalle Edizioni Paoline in collaborazione con il Centro Pro Unione. Negli Stati Uniti d&#8217;America \u00e8 distribuito dal Graymoor Ecumenical &amp; Interreligious Institute (NY).<\/p>\t\t\t\t\t\t\t\t<\/div>\n\t\t\t\t\t<\/div>\n\t\t<\/div>\n\t\t\t\t\t<\/div>\n\t\t<\/section>\n\t\t\t\t<section class=\"elementor-section elementor-top-section elementor-element elementor-element-b12cebd elementor-section-boxed elementor-section-height-default elementor-section-height-default\" data-id=\"b12cebd\" data-element_type=\"section\" data-e-type=\"section\" data-settings=\"{&quot;background_background&quot;:&quot;gradient&quot;}\">\n\t\t\t\t\t\t<div class=\"elementor-container elementor-column-gap-wider\">\n\t\t\t\t\t<div class=\"elementor-column elementor-col-100 elementor-top-column elementor-element elementor-element-f734f5e\" data-id=\"f734f5e\" data-element_type=\"column\" data-e-type=\"column\">\n\t\t\t<div class=\"elementor-widget-wrap elementor-element-populated\">\n\t\t\t\t\t\t<div class=\"elementor-element elementor-element-6f0a5bf elementor-widget-divider--view-line_text elementor-widget-divider--element-align-center elementor-widget elementor-widget-divider\" data-id=\"6f0a5bf\" data-element_type=\"widget\" data-e-type=\"widget\" data-widget_type=\"divider.default\">\n\t\t\t\t\t\t\t<div class=\"elementor-divider\">\n\t\t\t<span class=\"elementor-divider-separator\">\n\t\t\t\t\t\t\t<span class=\"elementor-divider__text elementor-divider__element\">\n\t\t\t\tSussidi della Settimana di Pregheira\t\t\t\t<\/span>\n\t\t\t\t\t\t<\/span>\n\t\t<\/div>\n\t\t\t\t\t\t<\/div>\n\t\t\t\t<div class=\"elementor-element elementor-element-46c8f7b elementor-widget elementor-widget-spacer\" data-id=\"46c8f7b\" data-element_type=\"widget\" data-e-type=\"widget\" data-widget_type=\"spacer.default\">\n\t\t\t\t\t\t\t<div class=\"elementor-spacer\">\n\t\t\t<div class=\"elementor-spacer-inner\"><\/div>\n\t\t<\/div>\n\t\t\t\t\t\t<\/div>\n\t\t\t\t\t<\/div>\n\t\t<\/div>\n\t\t\t\t\t<\/div>\n\t\t<\/section>\n\t\t\t\t<\/div>\n\t\t","protected":false},"excerpt":{"rendered":"<p>In preghiera per l&#8217;unit\u00e0 Pi\u00f9 di cento anni fa, padre Paul Wattson, Servo di Dio, un ministro episcopaliano (anglicano degli Stati Uniti), co-fondatore della Society of the Atonement (Comunit\u00e0 di Frati e delle Suore dell&#8217;Atonement) a Graymoor (Garrison, New York) introdusse un Ottavario di preghiera per l&#8217;unit\u00e0 dei cristiani, celebrato per la prima volta dal&hellip;<\/p>\n","protected":false},"author":1,"featured_media":0,"parent":154,"menu_order":0,"comment_status":"closed","ping_status":"closed","template":"","meta":{"footnotes":""},"class_list":["post-168","page","type-page","status-publish","hentry"],"_links":{"self":[{"href":"https:\/\/www.prounione.it\/it\/wp-json\/wp\/v2\/pages\/168","targetHints":{"allow":["GET"]}}],"collection":[{"href":"https:\/\/www.prounione.it\/it\/wp-json\/wp\/v2\/pages"}],"about":[{"href":"https:\/\/www.prounione.it\/it\/wp-json\/wp\/v2\/types\/page"}],"author":[{"embeddable":true,"href":"https:\/\/www.prounione.it\/it\/wp-json\/wp\/v2\/users\/1"}],"replies":[{"embeddable":true,"href":"https:\/\/www.prounione.it\/it\/wp-json\/wp\/v2\/comments?post=168"}],"version-history":[{"count":0,"href":"https:\/\/www.prounione.it\/it\/wp-json\/wp\/v2\/pages\/168\/revisions"}],"up":[{"embeddable":true,"href":"https:\/\/www.prounione.it\/it\/wp-json\/wp\/v2\/pages\/154"}],"wp:attachment":[{"href":"https:\/\/www.prounione.it\/it\/wp-json\/wp\/v2\/media?parent=168"}],"curies":[{"name":"wp","href":"https:\/\/api.w.org\/{rel}","templated":true}]}}