{"id":7131,"date":"2023-03-31T09:00:00","date_gmt":"2023-03-31T07:00:00","guid":{"rendered":"https:\/\/www.prounione.it\/?page_id=7131"},"modified":"2026-01-21T22:11:43","modified_gmt":"2026-01-21T21:11:43","slug":"in-memoriam","status":"publish","type":"page","link":"https:\/\/www.prounione.it\/it\/notizie\/in-memoriam\/","title":{"rendered":"In Memoriam"},"content":{"rendered":"\t\t<div data-elementor-type=\"wp-page\" data-elementor-id=\"7131\" class=\"elementor elementor-7131 elementor-7130\" data-elementor-post-type=\"page\">\n\t\t\t\t\t\t<section class=\"elementor-section elementor-top-section elementor-element elementor-element-cf4238c elementor-section-boxed elementor-section-height-default elementor-section-height-default\" data-id=\"cf4238c\" data-element_type=\"section\" data-e-type=\"section\">\n\t\t\t\t\t\t<div class=\"elementor-container elementor-column-gap-wider\">\n\t\t\t\t\t<div class=\"elementor-column elementor-col-100 elementor-top-column elementor-element elementor-element-a1b3908\" data-id=\"a1b3908\" data-element_type=\"column\" data-e-type=\"column\">\n\t\t\t<div class=\"elementor-widget-wrap elementor-element-populated\">\n\t\t\t\t\t\t<div class=\"elementor-element elementor-element-f1905ff elementor-widget elementor-widget-text-editor\" data-id=\"f1905ff\" data-element_type=\"widget\" data-e-type=\"widget\" data-widget_type=\"text-editor.default\">\n\t\t\t\t\t\t\t\t\t<p><span style=\"color: #333333;\"><strong>Requiescat in pace<\/strong><\/span><\/p><p>In memoria della loro dedizione all&#8217;ecumenismo, all&#8217;unit\u00e0 dei cristiani e alla riconciliazione<\/p>\t\t\t\t\t\t\t\t<\/div>\n\t\t\t\t\t<\/div>\n\t\t<\/div>\n\t\t\t\t\t<\/div>\n\t\t<\/section>\n\t\t<div class=\"elementor-element elementor-element-fc63bf2 e-flex e-con-boxed e-con e-parent\" data-id=\"fc63bf2\" data-element_type=\"container\" data-e-type=\"container\">\n\t\t\t\t\t<div class=\"e-con-inner\">\n\t\t\t\t<div class=\"elementor-element elementor-element-4c532bc elementor-widget-divider--view-line_icon elementor-widget-divider--element-align-left elementor-view-default elementor-widget elementor-widget-divider\" data-id=\"4c532bc\" data-element_type=\"widget\" data-e-type=\"widget\" data-widget_type=\"divider.default\">\n\t\t\t\t\t\t\t<div class=\"elementor-divider\">\n\t\t\t<span class=\"elementor-divider-separator\">\n\t\t\t\t\t\t\t<div class=\"elementor-icon elementor-divider__element\">\n\t\t\t\t\t<svg aria-hidden=\"true\" class=\"e-font-icon-svg e-fas-cross\" viewBox=\"0 0 384 512\" xmlns=\"http:\/\/www.w3.org\/2000\/svg\"><path d=\"M352 128h-96V32c0-17.67-14.33-32-32-32h-64c-17.67 0-32 14.33-32 32v96H32c-17.67 0-32 14.33-32 32v64c0 17.67 14.33 32 32 32h96v224c0 17.67 14.33 32 32 32h64c17.67 0 32-14.33 32-32V256h96c17.67 0 32-14.33 32-32v-64c0-17.67-14.33-32-32-32z\"><\/path><\/svg><\/div>\n\t\t\t\t\t\t<\/span>\n\t\t<\/div>\n\t\t\t\t\t\t<\/div>\n\t\t\t\t\t<\/div>\n\t\t\t\t<\/div>\n\t\t\t\t<section class=\"elementor-section elementor-top-section elementor-element elementor-element-ae12693 elementor-section-boxed elementor-section-height-default elementor-section-height-default\" data-id=\"ae12693\" data-element_type=\"section\" data-e-type=\"section\">\n\t\t\t\t\t\t<div class=\"elementor-container elementor-column-gap-wide\">\n\t\t\t\t\t<div class=\"elementor-column elementor-col-50 elementor-top-column elementor-element elementor-element-41715e6\" data-id=\"41715e6\" data-element_type=\"column\" data-e-type=\"column\">\n\t\t\t<div class=\"elementor-widget-wrap elementor-element-populated\">\n\t\t\t\t\t\t<div class=\"elementor-element elementor-element-f710a1a elementor-widget elementor-widget-text-editor\" data-id=\"f710a1a\" data-element_type=\"widget\" data-e-type=\"widget\" data-widget_type=\"text-editor.default\">\n\t\t\t\t\t\t\t\t\t<p style=\"text-align: right;\"><strong>Rev. Dr. Paul A. Crow, Jr.<\/strong><\/p>\t\t\t\t\t\t\t\t<\/div>\n\t\t\t\t<div class=\"elementor-element elementor-element-86c4dec elementor-widget-divider--view-line elementor-widget elementor-widget-divider\" data-id=\"86c4dec\" data-element_type=\"widget\" data-e-type=\"widget\" data-widget_type=\"divider.default\">\n\t\t\t\t\t\t\t<div class=\"elementor-divider\">\n\t\t\t<span class=\"elementor-divider-separator\">\n\t\t\t\t\t\t<\/span>\n\t\t<\/div>\n\t\t\t\t\t\t<\/div>\n\t\t\t\t\t<\/div>\n\t\t<\/div>\n\t\t\t\t<div class=\"elementor-column elementor-col-50 elementor-top-column elementor-element elementor-element-69bb9bc\" data-id=\"69bb9bc\" data-element_type=\"column\" data-e-type=\"column\">\n\t\t\t<div class=\"elementor-widget-wrap elementor-element-populated\">\n\t\t\t\t\t\t<div class=\"elementor-element elementor-element-4afc04e elementor-widget elementor-widget-text-editor\" data-id=\"4afc04e\" data-element_type=\"widget\" data-e-type=\"widget\" data-widget_type=\"text-editor.default\">\n\t\t\t\t\t\t\t\t\t<h4>Nota<span style=\"color: #ff5500;\"><br \/><\/span><\/h4>\t\t\t\t\t\t\t\t<\/div>\n\t\t\t\t<div class=\"elementor-element elementor-element-bf9e5f5 elementor-widget elementor-widget-text-editor\" data-id=\"bf9e5f5\" data-element_type=\"widget\" data-e-type=\"widget\" data-widget_type=\"text-editor.default\">\n\t\t\t\t\t\t\t\t\t<p>The Franciscan Friars of the Atonement and the Staff of the Centro Pro Unione join the Family of Paul Crow and the Disciples of Christ in rejoicing for having known and worked with Paul on many occasions. We join in the sadness at the loss of a dedicated ecumenist. We share the announcement of his passing to all of our friends:<br \/>It is with great sadness that the Christian Unity and Interfaith Ministry announces the death of the Rev. Dr. Paul A. Crow, Jr., who had been a champion for the ecumenical movement.<br \/>Ms. Mary Crow and her family ask that we share the following statement:<br \/>We are celebrating the life of the Rev. Dr. Paul A. Crow, Jr. in his death and resurrection on Saturday, January 23, 2021, at 11:30 pm. He served as President of the Council on Christian Unity (Now Christian Unity and Interfaith Ministry) for 25 years, which thus enabled him to give expression to his passion in seeking Christian unity \u2013 which was the \u201cpolar star \u201c of his ministry \u2013 and his love for Christ\u2019s Church. We remember him lovingly in the words of scripture, \u2018Well done, good and faithful servant.\u201d (Mt. 25:21)<br \/>Dr. Crow was a long-time friend, colleague, and mentor to many Disciples and ecumenical friends as he offered significant leadership for over 40 years in promoting the unity of all Christians and the oneness of Christ\u2019s church in its local, regional, national, and international expressions. Dr. Crow helped to define and shape the ecumenical movement in many ways \u2013 especially in nurturing seminary students and younger pastors in understanding their call to a ministry that includes the vision of unity and reconciliation as the \u201cmatrix for mission\u201d in our world today.<br \/>We are in gratitude to God for the life and ministry of God\u2019s servant, Paul A. Crow, Jr.<\/p><p>Read more: <br \/>Dr. Crow, Ecumenical Giant, Passed Away<br \/><a href=\"https:\/\/www.disciplescuim.org\/2021\/01\/27\/dr-crow-ecumenical-giant-passed-away\/\" target=\"_blank\" rel=\"noopener\">https:\/\/www.disciplescuim.org\/2021\/01\/27\/dr-crow-ecumenical-giant-passed-away\/<\/a><\/p><p>Christian Unity and Interfaith Ministry (CUIM)<\/p>\t\t\t\t\t\t\t\t<\/div>\n\t\t\t\t<div class=\"elementor-element elementor-element-0279dd9 elementor-widget-divider--view-line elementor-widget elementor-widget-divider\" data-id=\"0279dd9\" data-element_type=\"widget\" data-e-type=\"widget\" data-widget_type=\"divider.default\">\n\t\t\t\t\t\t\t<div class=\"elementor-divider\">\n\t\t\t<span class=\"elementor-divider-separator\">\n\t\t\t\t\t\t<\/span>\n\t\t<\/div>\n\t\t\t\t\t\t<\/div>\n\t\t\t\t\t<\/div>\n\t\t<\/div>\n\t\t\t\t\t<\/div>\n\t\t<\/section>\n\t\t\t\t<section class=\"elementor-section elementor-top-section elementor-element elementor-element-dbb0294 elementor-section-boxed elementor-section-height-default elementor-section-height-default\" data-id=\"dbb0294\" data-element_type=\"section\" data-e-type=\"section\">\n\t\t\t\t\t\t<div class=\"elementor-container elementor-column-gap-wide\">\n\t\t\t\t\t<div class=\"elementor-column elementor-col-50 elementor-top-column elementor-element elementor-element-29ae70b\" data-id=\"29ae70b\" data-element_type=\"column\" data-e-type=\"column\">\n\t\t\t<div class=\"elementor-widget-wrap elementor-element-populated\">\n\t\t\t\t\t\t<div class=\"elementor-element elementor-element-f1be437 elementor-widget elementor-widget-text-editor\" data-id=\"f1be437\" data-element_type=\"widget\" data-e-type=\"widget\" data-widget_type=\"text-editor.default\">\n\t\t\t\t\t\t\t\t\t<p style=\"text-align: right;\"><strong>Metr. Ioannis (John) Zizioulas<\/strong><\/p>\t\t\t\t\t\t\t\t<\/div>\n\t\t\t\t<div class=\"elementor-element elementor-element-0eb70ed elementor-widget-divider--view-line elementor-widget elementor-widget-divider\" data-id=\"0eb70ed\" data-element_type=\"widget\" data-e-type=\"widget\" data-widget_type=\"divider.default\">\n\t\t\t\t\t\t\t<div class=\"elementor-divider\">\n\t\t\t<span class=\"elementor-divider-separator\">\n\t\t\t\t\t\t<\/span>\n\t\t<\/div>\n\t\t\t\t\t\t<\/div>\n\t\t\t\t\t<\/div>\n\t\t<\/div>\n\t\t\t\t<div class=\"elementor-column elementor-col-50 elementor-top-column elementor-element elementor-element-5e8d510\" data-id=\"5e8d510\" data-element_type=\"column\" data-e-type=\"column\">\n\t\t\t<div class=\"elementor-widget-wrap elementor-element-populated\">\n\t\t\t\t\t\t<div class=\"elementor-element elementor-element-e1d32c0 elementor-widget elementor-widget-text-editor\" data-id=\"e1d32c0\" data-element_type=\"widget\" data-e-type=\"widget\" data-widget_type=\"text-editor.default\">\n\t\t\t\t\t\t\t\t\t<h4>Nota<span style=\"color: #ff5500;\"><br \/><\/span><\/h4>\t\t\t\t\t\t\t\t<\/div>\n\t\t\t\t<div class=\"elementor-element elementor-element-fbc83bb elementor-widget elementor-widget-text-editor\" data-id=\"fbc83bb\" data-element_type=\"widget\" data-e-type=\"widget\" data-widget_type=\"text-editor.default\">\n\t\t\t\t\t\t\t\t\tIl Centro Pro Unione desidera riconoscere il grande contributo che il Metr. Ioannis (John) Zizioulas, Metropolita di Pergamo, ha donato alla causa dell&#8217;unit\u00e0 dei cristiani. \nIl suo patrimonio di finezza teologica nell&#8217;affrontare questioni difficili e il suo desiderio di trovare una via per il bene del Popolo di Dio e per l&#8217;unit\u00e0 della Chiesa di Dio rimarranno un faro di speranza per tutto il popolo cristiano. \nLa particolare amicizia da Lui mostrata al Centro e ai Frati Francescani dell&#8217;Atonement con le sue frequenti visite e le sue conferenze sar\u00e0 un costante ricordo della sua passione per l&#8217;unit\u00e0 della Chiesa e un incoraggiamento per il nostro ministero di riconciliazione e di unit\u00e0 tra i cristiani. \t\t\t\t\t\t\t\t<\/div>\n\t\t\t\t<div class=\"elementor-element elementor-element-1ba5c4d elementor-widget elementor-widget-image\" data-id=\"1ba5c4d\" data-element_type=\"widget\" data-e-type=\"widget\" data-widget_type=\"image.default\">\n\t\t\t\t\t\t\t\t\t\t\t\t\t\t\t<img fetchpriority=\"high\" decoding=\"async\" width=\"1200\" height=\"680\" src=\"https:\/\/www.prounione.it\/wp-content\/uploads\/post-metrIoannisZizoulas-02feb2023-it.webp\" class=\"attachment-large size-large wp-image-6660\" alt=\"\" \/>\t\t\t\t\t\t\t\t\t\t\t\t\t\t\t<\/div>\n\t\t\t\t\t<\/div>\n\t\t<\/div>\n\t\t\t\t\t<\/div>\n\t\t<\/section>\n\t\t<div class=\"elementor-element elementor-element-50d1de6 e-flex e-con-boxed e-con e-parent\" data-id=\"50d1de6\" data-element_type=\"container\" data-e-type=\"container\">\n\t\t\t\t\t<div class=\"e-con-inner\">\n\t\t\t\t<div class=\"elementor-element elementor-element-e59bd40 elementor-widget elementor-widget-image\" data-id=\"e59bd40\" data-element_type=\"widget\" data-e-type=\"widget\" data-widget_type=\"image.default\">\n\t\t\t\t\t\t\t\t\t\t\t\t\t\t\t<img decoding=\"async\" width=\"1000\" height=\"1333\" src=\"data:image\/svg+xml;charset=utf-8,%3Csvg xmlns%3D'http%3A%2F%2Fwww.w3.org%2F2000%2Fsvg' viewBox%3D'0 0 1000 1333'%2F%3E\" data-src=\"https:\/\/www.prounione.it\/wp-content\/uploads\/post-annuncio-papa-francesco-22-mar-2025-1.webp\" class=\"lazy-load attachment-large size-large wp-image-9966\" alt=\"\" data-srcset=\"https:\/\/www.prounione.it\/wp-content\/uploads\/post-annuncio-papa-francesco-22-mar-2025-1.webp 1000w, https:\/\/www.prounione.it\/wp-content\/uploads\/post-annuncio-papa-francesco-22-mar-2025-1-300x400.webp 300w\" sizes=\"(max-width: 1000px) 100vw, 1000px\" \/>\t\t\t\t\t\t\t\t\t\t\t\t\t\t\t<\/div>\n\t\t\t\t\t<\/div>\n\t\t\t\t<\/div>\n\t\t<div class=\"elementor-element elementor-element-183413e e-flex e-con-boxed e-con e-parent\" data-id=\"183413e\" data-element_type=\"container\" data-e-type=\"container\" data-settings=\"{&quot;background_background&quot;:&quot;gradient&quot;}\">\n\t\t\t\t\t<div class=\"e-con-inner\">\n\t\t\t\t<div class=\"elementor-element elementor-element-f776dcd elementor-widget elementor-widget-text-editor\" data-id=\"f776dcd\" data-element_type=\"widget\" data-e-type=\"widget\" data-widget_type=\"text-editor.default\">\n\t\t\t\t\t\t\t\t\t<h4 style=\"color: #2f3366;\"><i class=\"fa-solid fa-cross\" style=\"color: #333333;\"><\/i>\u00a0\u00a0\u00a0<span style=\"color: #ffffff;\">NOTA DI CORDOGLIO<\/span><\/h4>\t\t\t\t\t\t\t\t<\/div>\n\t\t\t\t<div class=\"elementor-element elementor-element-b7e07eb elementor-widget elementor-widget-text-editor\" data-id=\"b7e07eb\" data-element_type=\"widget\" data-e-type=\"widget\" data-widget_type=\"text-editor.default\">\n\t\t\t\t\t\t\t\t\t<p><span style=\"color: #ffcc00;\">Suor Mariangela Congiu (1938\u20142025)<\/span><\/p>\t\t\t\t\t\t\t\t<\/div>\n\t\t\t\t\t<\/div>\n\t\t\t\t<\/div>\n\t\t<div class=\"elementor-element elementor-element-aa24c45 e-flex e-con-boxed e-con e-parent\" data-id=\"aa24c45\" data-element_type=\"container\" data-e-type=\"container\" data-settings=\"{&quot;background_background&quot;:&quot;gradient&quot;}\">\n\t\t\t\t\t<div class=\"e-con-inner\">\n\t\t<div class=\"elementor-element elementor-element-d2de437 e-con-full e-flex e-con e-child\" data-id=\"d2de437\" data-element_type=\"container\" data-e-type=\"container\">\n\t\t<div class=\"elementor-element elementor-element-020bf8f e-con-full e-flex e-con e-child\" data-id=\"020bf8f\" data-element_type=\"container\" data-e-type=\"container\">\n\t\t\t\t<div class=\"elementor-element elementor-element-6340756 elementor-widget elementor-widget-text-editor\" data-id=\"6340756\" data-element_type=\"widget\" data-e-type=\"widget\" data-widget_type=\"text-editor.default\">\n\t\t\t\t\t\t\t\t\t<p>Il <strong>Centro Pro Unione<\/strong> ricorda con profondissimo affetto e stima <strong>Suor Mariangela Congiu<\/strong>, grande esempio di costruzione quotidiana, continuativa e amorevole di unit\u00e0.<\/p><p>Suor Mariangela <strong>\u00e8 stata nostra preziosa consulente<\/strong> nella stesura del sussidio italiano della Settimana di preghiera per l\u2019unit\u00e0 dei cristiani con le sue <strong>puntuali annotazioni<\/strong> che davano qualit\u00e0 al testo, con il suo <strong>spirito sempre incoraggiante<\/strong> e con la giusta ironia per superare ogni eventuale ostacolo. \u00c8 stata, inoltre, sempre <strong>attiva nella partecipazione ai progetti<\/strong> e alle attivit\u00e0 del Centro, sorridente, entusiasta, collaborativa e felice di <strong>costruire unit\u00e0<\/strong> anche con un costo personale di dedizione alla <strong>causa ecumenica<\/strong>.<\/p><p><strong>Rendiamo grazie al Signore<\/strong> per il dono della sua amicizia, della sua <strong>profonda spiritualit\u00e0<\/strong> comunionale e della sua <strong>testimonianza ecumenica<\/strong> che continueranno ad ispirare il nostro ministero.<\/p>\t\t\t\t\t\t\t\t<\/div>\n\t\t\t\t<\/div>\n\t\t<div class=\"elementor-element elementor-element-d3f65d6 e-con-full e-flex e-con e-child\" data-id=\"d3f65d6\" data-element_type=\"container\" data-e-type=\"container\">\n\t\t\t\t<div class=\"elementor-element elementor-element-80f2e66 elementor-widget elementor-widget-image\" data-id=\"80f2e66\" data-element_type=\"widget\" data-e-type=\"widget\" data-widget_type=\"image.default\">\n\t\t\t\t\t\t\t\t\t\t\t\t\t\t\t<img decoding=\"async\" width=\"700\" height=\"525\" src=\"data:image\/svg+xml;charset=utf-8,%3Csvg xmlns%3D'http%3A%2F%2Fwww.w3.org%2F2000%2Fsvg' viewBox%3D'0 0 700 525'%2F%3E\" data-src=\"https:\/\/www.prounione.it\/wp-content\/uploads\/post-in-memoriam-sr-congiu-03.webp\" class=\"lazy-load attachment-large size-large wp-image-9756\" alt=\"\" \/>\t\t\t\t\t\t\t\t\t\t\t\t\t\t\t<\/div>\n\t\t\t\t<div class=\"elementor-element elementor-element-b5ff11c elementor-widget elementor-widget-image\" data-id=\"b5ff11c\" data-element_type=\"widget\" data-e-type=\"widget\" data-widget_type=\"image.default\">\n\t\t\t\t\t\t\t\t\t\t\t\t\t\t\t<img loading=\"lazy\" decoding=\"async\" width=\"700\" height=\"525\" src=\"data:image\/svg+xml;charset=utf-8,%3Csvg xmlns%3D'http%3A%2F%2Fwww.w3.org%2F2000%2Fsvg' viewBox%3D'0 0 700 525'%2F%3E\" data-src=\"https:\/\/www.prounione.it\/wp-content\/uploads\/post-in-memoriam-sr-congiu-02.webp\" class=\"lazy-load attachment-large size-large wp-image-9758\" alt=\"\" \/>\t\t\t\t\t\t\t\t\t\t\t\t\t\t\t<\/div>\n\t\t\t\t<\/div>\n\t\t\t\t<\/div>\n\t\t<div class=\"elementor-element elementor-element-c7f29be e-con-full e-flex e-con e-child\" data-id=\"c7f29be\" data-element_type=\"container\" data-e-type=\"container\">\n\t\t\t\t<div class=\"elementor-element elementor-element-62e0922 elementor-widget-divider--view-line_text elementor-widget-divider--element-align-center elementor-widget elementor-widget-divider\" data-id=\"62e0922\" data-element_type=\"widget\" data-e-type=\"widget\" data-widget_type=\"divider.default\">\n\t\t\t\t\t\t\t<div class=\"elementor-divider\">\n\t\t\t<span class=\"elementor-divider-separator\">\n\t\t\t\t\t\t\t<span class=\"elementor-divider__text elementor-divider__element\">\n\t\t\t\tIN MEMORIAM\t\t\t\t<\/span>\n\t\t\t\t\t\t<\/span>\n\t\t<\/div>\n\t\t\t\t\t\t<\/div>\n\t\t\t\t<div class=\"elementor-element elementor-element-750ccba elementor-widget elementor-widget-image\" data-id=\"750ccba\" data-element_type=\"widget\" data-e-type=\"widget\" data-widget_type=\"image.default\">\n\t\t\t\t\t\t\t\t\t\t\t\t\t\t\t<img loading=\"lazy\" decoding=\"async\" width=\"500\" height=\"775\" src=\"data:image\/svg+xml;charset=utf-8,%3Csvg xmlns%3D'http%3A%2F%2Fwww.w3.org%2F2000%2Fsvg' viewBox%3D'0 0 500 775'%2F%3E\" data-src=\"https:\/\/www.prounione.it\/wp-content\/uploads\/post-in-memoriam-sr-congiu-01.webp\" class=\"lazy-load attachment-large size-large wp-image-9754\" alt=\"\" \/>\t\t\t\t\t\t\t\t\t\t\t\t\t\t\t<\/div>\n\t\t\t\t<\/div>\n\t\t\t\t\t<\/div>\n\t\t\t\t<\/div>\n\t\t<div class=\"elementor-element elementor-element-730b695 e-flex e-con-boxed e-con e-parent\" data-id=\"730b695\" data-element_type=\"container\" data-e-type=\"container\">\n\t\t\t\t\t<div class=\"e-con-inner\">\n\t\t\t\t<div class=\"elementor-element elementor-element-239646c elementor-widget-divider--view-line elementor-widget elementor-widget-divider\" data-id=\"239646c\" data-element_type=\"widget\" data-e-type=\"widget\" data-widget_type=\"divider.default\">\n\t\t\t\t\t\t\t<div class=\"elementor-divider\">\n\t\t\t<span class=\"elementor-divider-separator\">\n\t\t\t\t\t\t<\/span>\n\t\t<\/div>\n\t\t\t\t\t\t<\/div>\n\t\t\t\t<div class=\"elementor-element elementor-element-c66c4f7 elementor-widget elementor-widget-text-editor\" data-id=\"c66c4f7\" data-element_type=\"widget\" data-e-type=\"widget\" data-widget_type=\"text-editor.default\">\n\t\t\t\t\t\t\t\t\t<h5 style=\"text-align: right;\">Requiem aeternam dona ei, Domine, et lux perpetua luceat ei. Requiescat in pace. Amen.<\/h5>\t\t\t\t\t\t\t\t<\/div>\n\t\t\t\t\t<\/div>\n\t\t\t\t<\/div>\n\t\t\t\t<\/div>\n\t\t","protected":false},"excerpt":{"rendered":"<p>Requiescat in pace In memoria della loro dedizione all&#8217;ecumenismo, all&#8217;unit\u00e0 dei cristiani e alla riconciliazione Rev. Dr. Paul A. Crow, Jr. Nota The Franciscan Friars of the Atonement and the Staff of the Centro Pro Unione join the Family of Paul Crow and the Disciples of Christ in rejoicing for having known and worked with&hellip;<\/p>\n","protected":false},"author":1,"featured_media":0,"parent":158,"menu_order":0,"comment_status":"closed","ping_status":"closed","template":"","meta":{"footnotes":""},"class_list":["post-7131","page","type-page","status-publish","hentry"],"_links":{"self":[{"href":"https:\/\/www.prounione.it\/it\/wp-json\/wp\/v2\/pages\/7131","targetHints":{"allow":["GET"]}}],"collection":[{"href":"https:\/\/www.prounione.it\/it\/wp-json\/wp\/v2\/pages"}],"about":[{"href":"https:\/\/www.prounione.it\/it\/wp-json\/wp\/v2\/types\/page"}],"author":[{"embeddable":true,"href":"https:\/\/www.prounione.it\/it\/wp-json\/wp\/v2\/users\/1"}],"replies":[{"embeddable":true,"href":"https:\/\/www.prounione.it\/it\/wp-json\/wp\/v2\/comments?post=7131"}],"version-history":[{"count":0,"href":"https:\/\/www.prounione.it\/it\/wp-json\/wp\/v2\/pages\/7131\/revisions"}],"up":[{"embeddable":true,"href":"https:\/\/www.prounione.it\/it\/wp-json\/wp\/v2\/pages\/158"}],"wp:attachment":[{"href":"https:\/\/www.prounione.it\/it\/wp-json\/wp\/v2\/media?parent=7131"}],"curies":[{"name":"wp","href":"https:\/\/api.w.org\/{rel}","templated":true}]}}